{"id":1479,"date":"2023-05-20T21:39:55","date_gmt":"2023-05-20T19:39:55","guid":{"rendered":"https:\/\/aicpolska.misjonarze.pl\/?page_id=1479"},"modified":"2023-05-20T21:46:16","modified_gmt":"2023-05-20T19:46:16","slug":"osrodki-terenowe","status":"publish","type":"page","link":"https:\/\/aicpolska.misjonarze.pl\/?page_id=1479","title":{"rendered":"O\u015brodki terenowe"},"content":{"rendered":"\t\t<div data-elementor-type=\"wp-page\" data-elementor-id=\"1479\" class=\"elementor elementor-1479\">\n\t\t\t\t<div class=\"elementor-element elementor-element-d6c5159 e-flex e-con-boxed e-con e-parent\" data-id=\"d6c5159\" data-element_type=\"container\" data-e-type=\"container\">\n\t\t\t\t\t<div class=\"e-con-inner\">\n\t\t\t\t<div class=\"elementor-element elementor-element-72e79c5 exad-sticky-section-no exad-glass-effect-no elementor-widget elementor-widget-text-editor\" data-id=\"72e79c5\" data-element_type=\"widget\" data-e-type=\"widget\" data-widget_type=\"text-editor.default\">\n\t\t\t\t<div class=\"elementor-widget-container\">\n\t\t\t\t\t\t\t\t\t<div class=\"page\" title=\"Page 1\"><div class=\"layoutArea\"><div class=\"column\"><p><strong>Jak za\u0142oz\u0307yc\u0301 Jednostke\u0328 Terenowa\u0328 Stowarzyszenia<\/strong><\/p><p class=\"p1\"><b>Zebranie:<\/b><\/p><ul><li><span class=\"s1\">Zorganizowa\u0107 Zebranie Za\u0142o\u017cycielskie (je\u017celi b\u0119dziemy rejestrowa\u0107 w KRS\u00a0min. 15 os\u00f3b.)<\/span><\/li><li><span class=\"s1\">Wybra\u0107 przewodnicz\u0105cego (mo\u017ce prowadzi\u0107 jednoosobowo)<\/span><\/li><li><span class=\"s1\">Powo\u0142a\u0107 protokolanta<\/span><\/li><li><span class=\"s1\">Przyj\u0105\u0107 porz\u0105dek i regulamin obrad<\/span><\/li><\/ul><p class=\"p1\"><b>Wybra\u0107 Komisje:<\/b><\/p><ul><li><span class=\"s1\">Komisja Wyborcza (np. 2 osoby w komisjach)<\/span><\/li><li><span class=\"s1\">Komisja Skrutacyjna (nie mog\u0105 kandydowa\u0107 do w\u0142adz)<\/span><\/li><li><span class=\"s1\">Komisja wnioskowa (przygotuje uchwa\u0142y i wnioski z zebrania)<\/span><\/li><li><span class=\"s1\">Komisja wyborcza przyjmie zg\u0142oszone kandydatury do Zarz\u0105du i Komisji\u00a0Rewizyjnej<\/span><\/li><li><span class=\"s1\">G\u0142osowanie w wyborach musi by\u0107 tajne (na kartkach \u2013 zachowa\u0107)<\/span><\/li><li><span class=\"s1\">Prezesa wybieramy imiennie, sekretarz, skarbnik w\/g ukonstytuowania<\/span><\/li><li><span class=\"s1\">Do Zarz\u0105du i Komisji Rewizyjnej wybieramy ilo\u015b\u0107 os\u00f3b w\/g statutu (s\u0105 rozpi\u0119to\u015bci\u00a0od \u2013 do)<\/span><\/li><li><span class=\"s1\">G\u0142osy zlicza i podaje przewodnicz\u0105cemu do og\u0142oszenia Komisja Skrutacyjna<\/span><\/li><\/ul><p class=\"p1\"><b>Komisja Wnioskowa przedstawia projekty uchwa\u0142 do zatwierdzenia:<\/b><\/p><ul class=\"ul1\"><li class=\"li2\"><span class=\"s1\">Uchwa\u0142a o powo\u0142aniu Jednostki Terenowej.<\/span><\/li><li class=\"li2\"><span class=\"s1\">Uchwa\u0142a o przyj\u0119ciu statutu (mo\u017ce by\u0107 statut stowarzyszenia lub w\u0142asny\u00a0z zachowaniem celu i sposob\u00f3w realizacji, a reszta w\/g uznania cz\u0142onk\u00f3w.<\/span><\/li><li class=\"li2\"><span class=\"s1\">Wnioski do przyj\u0119cia, kt\u00f3re zg\u0142osz\u0105 cz\u0142onkowie jako wytyczne do pracy dla\u00a0Zarz\u0105du.<\/span><\/li><\/ul><p class=\"p1\"><b>Do Zarz\u0105du Stowarzyszenia przesy\u0142amy zgodnie ze statutem \u00a7 28 pkt 6:<\/b><\/p><ul class=\"ul1\"><li class=\"li2\"><span class=\"s1\">list\u0119 cz\u0142onk\u00f3w-za\u0142o\u017cycieli Jednostki Terenowej z podaniem ich danych\u00a0osobowych;<\/span><\/li><li class=\"li2\"><span class=\"s1\">protok\u00f3\u0142 z zebrania za\u0142o\u017cycielskiego z uchwa\u0142\u0105 o powstaniu Jednostki\u00a0Terenowej;<\/span><\/li><li class=\"li2\"><span class=\"s1\">projekt statutu Jednostki Terenowej przyj\u0119ty uchwa\u0142\u0105 cz\u0142onk\u00f3w-za\u0142o\u017cycieli;<\/span><\/li><\/ul><p class=\"p1\"><b>Aby Zarz\u0105d Stowarzyszenia podj\u0105\u0142 uchwa\u0142\u0119 o powo\u0142aniu Jednostki Terenowej\u00a0musi ponadto zna\u0107:<\/b><\/p><ul class=\"ul1\"><li class=\"li2\"><span class=\"s1\">dat\u0119 powstania Jednostki Terenowej;<\/span><\/li><li class=\"li2\"><span class=\"s1\">nazw\u0119 Jednostki Terenowej (do nazwy stowarzyszenia dodajemy nazw\u0119\u00a0miejscowo\u015bci)<\/span><\/li><li class=\"li2\"><span class=\"s1\">terytorialny zakres dzia\u0142ania Jednostki Terenowej (np. Parafia lub\u00a0miejscowo\u015b\u0107)<\/span><\/li><li class=\"li2\"><span class=\"s1\">adres siedziby Jednostki Terenowej<\/span><\/li><li class=\"li2\"><span class=\"s1\">dane osobowe cz\u0142onk\u00f3w Zarz\u0105du Jednostki Terenowej<\/span><\/li><\/ul><p class=\"p1\"><b>Rejestracja<\/b><\/p><p class=\"p3\">Zarz\u0105d jest zobowi\u0105zany do zarejestrowania Jednostki w Krajowym Rejestrze\u00a0S\u0105dowym. Do rejestracji wykorzystuje druki KRS (mo\u017cna pobra\u0107 z internetu)<\/p><ul class=\"ul1\"><li class=\"li2\"><span class=\"s1\">KRS W20 \u2013 rejestrujemy Jednostk\u0119<\/span><\/li><li class=\"li2\"><span class=\"s1\">KRS WK \u2013 organy (podajemy cz\u0142onk\u00f3w Zarz\u0105du i Komisji Rewizyjnej)<\/span><\/li><li class=\"li2\"><span class=\"s1\">Do\u0142\u0105czamy protok\u00f3\u0142 z Zebrania<\/span><\/li><li class=\"li2\"><span class=\"s1\">Uchwa\u0142y o powo\u0142aniu i przyj\u0119ciu statutu<\/span><\/li><li class=\"li2\"><span class=\"s1\">List\u0119 obecno\u015bci cz\u0142onk\u00f3w za\u0142o\u017cycieli z danymi osobowymi adres, data\u00a0urodzenia)<\/span><\/li><li class=\"li2\"><span class=\"s1\">3 egzemplarze statutu przyj\u0119tego przez Zebranie<\/span><\/li><li class=\"li2\"><span class=\"s1\">Jednostka nie wnosi op\u0142at przy pierwszej rejestracji.<\/span><\/li><\/ul><p class=\"p1\"><b>Po uzyskaniu rejestracji sk\u0142adamy wniosek:<\/b><\/p><ul class=\"ul1\"><li class=\"li2\"><span class=\"s1\">do Urz\u0119du Skarbowego o przyznaniu numeru NIP,<\/span><\/li><li class=\"li2\"><span class=\"s1\">do wojew\u00f3dzkiej plac\u00f3wki GUS o nadanie nr Regon (aby z\u0142o\u017cy\u0107 wniosek\u00a0musimy mie\u0107 siedzib\u0119, je\u017celi na terenie parafii, nale\u017cy zawrze\u0107 \u201eUmow\u0119\u00a0u\u017cyczenia\u201d podpisan\u0105 przez gospodarza \u2013 Proboszcza i prezesa Jednostki<\/span><\/li><li class=\"li2\"><span class=\"s1\">w Banku zak\u0142adamy konto \u2013 bardzo potrzebne do prowadzenia operacji\u00a0finansowych, przyjmowania wp\u0142at ofiarodawc\u00f3w, dotacji od w\u0142adz\u00a0pa\u0144stwowych czy samorz\u0105dowych, jak r\u00f3wnie\u017c 1% od podatku od os\u00f3b\u00a0fizycznych po\u015brednio przez Zarz\u0105d Stowarzyszenia, a po uzyskaniu statusu\u00a0organizacji po\u017cytku publicznego wp\u0142at bezpo\u015brednio na konto Jednostki.<\/span><\/li><\/ul><\/div><\/div><\/div>\t\t\t\t\t\t\t\t<\/div>\n\t\t\t\t<\/div>\n\t\t\t\t\t<\/div>\n\t\t\t\t<\/div>\n\t\t\t\t<\/div>\n\t\t","protected":false},"excerpt":{"rendered":"<p>Jak za\u0142oz\u0307yc\u0301 Jednostke\u0328 Terenowa\u0328 Stowarzyszenia Zebranie: Zorganizowa\u0107 Zebranie Za\u0142o\u017cycielskie (je\u017celi b\u0119dziemy rejestrowa\u0107 w KRS\u00a0min. 15 os\u00f3b.) Wybra\u0107 przewodnicz\u0105cego (mo\u017ce prowadzi\u0107 jednoosobowo) Powo\u0142a\u0107 protokolanta Przyj\u0105\u0107 porz\u0105dek i regulamin obrad Wybra\u0107 Komisje: Komisja Wyborcza (np. 2 osoby w komisjach) Komisja Skrutacyjna (nie mog\u0105 kandydowa\u0107 do w\u0142adz) Komisja wnioskowa (przygotuje uchwa\u0142y i wnioski z zebrania) Komisja wyborcza przyjmie zg\u0142oszone kandydatury do Zarz\u0105du i [&hellip;]<\/p>\n","protected":false},"author":1,"featured_media":0,"parent":0,"menu_order":0,"comment_status":"closed","ping_status":"closed","template":"","meta":{"footnotes":""},"class_list":["post-1479","page","type-page","status-publish","hentry"],"_links":{"self":[{"href":"https:\/\/aicpolska.misjonarze.pl\/index.php?rest_route=\/wp\/v2\/pages\/1479","targetHints":{"allow":["GET"]}}],"collection":[{"href":"https:\/\/aicpolska.misjonarze.pl\/index.php?rest_route=\/wp\/v2\/pages"}],"about":[{"href":"https:\/\/aicpolska.misjonarze.pl\/index.php?rest_route=\/wp\/v2\/types\/page"}],"author":[{"embeddable":true,"href":"https:\/\/aicpolska.misjonarze.pl\/index.php?rest_route=\/wp\/v2\/users\/1"}],"replies":[{"embeddable":true,"href":"https:\/\/aicpolska.misjonarze.pl\/index.php?rest_route=%2Fwp%2Fv2%2Fcomments&post=1479"}],"version-history":[{"count":4,"href":"https:\/\/aicpolska.misjonarze.pl\/index.php?rest_route=\/wp\/v2\/pages\/1479\/revisions"}],"predecessor-version":[{"id":1489,"href":"https:\/\/aicpolska.misjonarze.pl\/index.php?rest_route=\/wp\/v2\/pages\/1479\/revisions\/1489"}],"wp:attachment":[{"href":"https:\/\/aicpolska.misjonarze.pl\/index.php?rest_route=%2Fwp%2Fv2%2Fmedia&parent=1479"}],"curies":[{"name":"wp","href":"https:\/\/api.w.org\/{rel}","templated":true}]}}