{"id":3,"date":"2023-05-15T16:08:08","date_gmt":"2023-05-15T14:08:08","guid":{"rendered":"http:\/\/aicpolska.misjonarze.pl\/?page_id=3"},"modified":"2023-05-21T08:35:18","modified_gmt":"2023-05-21T06:35:18","slug":"polityka-prywatnosci","status":"publish","type":"page","link":"https:\/\/aicpolska.misjonarze.pl\/?page_id=3","title":{"rendered":"Polityka prywatno\u015bci"},"content":{"rendered":"\r\n<p class=\"p1\" style=\"text-align: justify;\"><b>Polityka prywatno\u015bci serwisu aicpolska.misjonarze.pl<\/b><\/p>\r\n<p class=\"p1\" style=\"text-align: justify;\">Informacje og\u00f3lne<\/p>\r\n<p class=\"p1\" style=\"text-align: justify;\">Niniejsza Polityka Prywatno\u015bci okre\u015bla zasady przetwarzania i ochrony danych osobowych przekazanych przez U\u017cytkownik\u00f3w w zwi\u0105zku z korzystaniem przez nich us\u0142ug aicpolska.misjonarze.pl<span class=\"Apple-converted-space\">\u00a0 <\/span>poprzez Serwis.<\/p>\r\n<p class=\"p1\" style=\"text-align: justify;\">Administratorem danych osobowych zawartych w serwisie jest<\/p>\r\n<p class=\"p1\" style=\"text-align: justify;\">Zgromadzenie Ksi\u0119\u017cy Misjonarzy z siedzib\u0105 w Krakowie ul. Stradomska 4\u00a0<\/p>\r\n<p class=\"p1\" style=\"text-align: justify;\">NIP 676-10-19-571<\/p>\r\n<p class=\"p1\" style=\"text-align: justify;\">W trosce o bezpiecze\u0144stwo powierzonych nam danych opracowali\u015bmy wewn\u0119trzne procedury i zalecenia, kt\u00f3re maj\u0105 zapobiec udost\u0119pnieniu danych osobom nieupowa\u017cnionym. Kontrolujemy ich wykonywanie i stale sprawdzamy ich zgodno\u015b\u0107 z odpowiednimi aktami prawnymi &#8211; ustaw\u0105 o ochronie danych osobowych, ustaw\u0105 o \u015bwiadczeniu us\u0142ug drog\u0105 elektroniczn\u0105, a tak\u017ce wszelkiego rodzaju aktach wykonawczych i aktach prawa wsp\u00f3lnotowego.<\/p>\r\n<p class=\"p1\" style=\"text-align: justify;\">Dane Osobowe przetwarzane s\u0105 na podstawie zgody wyra\u017canej przez U\u017cytkownika oraz w przypadkach, w kt\u00f3rych przepisy prawa upowa\u017cniaj\u0105 Administratora do przetwarzania danych osobowych na podstawie przepis\u00f3w prawa lub w celu realizacji zawartej pomi\u0119dzy stronami umowy.<\/p>\r\n<p class=\"p1\" style=\"text-align: justify;\">Serwis realizuje funkcje pozyskiwania informacji o u\u017cytkownikach i ich zachowaniach w nast\u0119puj\u0105cy spos\u00f3b:<\/p>\r\n<ol class=\"ol1\" style=\"text-align: justify;\">\r\n<li class=\"li1\">poprzez dobrowolnie wprowadzone w formularzach informacje<\/li>\r\n<li class=\"li1\">poprzez gromadzenie plik\u00f3w \u201ccookies\u201d [patrz polityka plik\u00f3w \u201ccookies\u201d].<\/li>\r\n<\/ol>\r\n<p class=\"p1\" style=\"text-align: justify;\">Serwis zbiera informacje dobrowolnie podane przez u\u017cytkownika.<\/p>\r\n<p class=\"p1\" style=\"text-align: justify;\">Dane podane w formularzu s\u0105 przetwarzane w celu wynikaj\u0105cym z funkcji konkretnego formularza np. w celu dokonania procesu obs\u0142ugi kontaktu informacyjnego<\/p>\r\n<p class=\"p1\" style=\"text-align: justify;\">Dane osobowe pozostawione w serwisie nie zostan\u0105 sprzedane ani udost\u0119pnione osobom trzecim, zgodnie z przepisami Ustawy o ochronie danych osobowych.<\/p>\r\n<p class=\"p1\" style=\"text-align: justify;\">Do danych zawartych w formularzu przys\u0142uguje wgl\u0105d osobie fizycznej, kt\u00f3ra je tam umie\u015bci\u0142a. Osoba ta ma r\u00f3wnie\u017c praw do modyfikacji i zaprzestania przetwarzania swoich danych w dowolnym momencie.<\/p>\r\n<p class=\"p1\" style=\"text-align: justify;\">Zastrzegamy sobie prawo do zmiany w polityce ochrony prywatno\u015bci serwisu, na kt\u00f3re mo\u017ce wp\u0142yn\u0105\u0107 rozw\u00f3j technologii internetowej, ewentualne zmiany prawa w zakresie ochrony danych osobowych oraz rozw\u00f3j naszego serwisu internetowego. O wszelkich zmianach b\u0119dziemy informowa\u0107 w spos\u00f3b widoczny i zrozumia\u0142y.<\/p>\r\n<p class=\"p1\" style=\"text-align: justify;\">W Serwisie mog\u0105 pojawia\u0107 si\u0119 linki do innych stron internetowych. Takie strony internetowe dzia\u0142aj\u0105 niezale\u017cnie od Serwisu i nie s\u0105 w \u017caden spos\u00f3b nadzorowane przez serwis grupamisyjna.misjonarze.pl Strony te mog\u0105 posiada\u0107 w\u0142asne polityki dotycz\u0105ce prywatno\u015bci oraz regulaminy, z kt\u00f3rymi zalecamy si\u0119 zapozna\u0107.<\/p>\r\n<p class=\"p1\" style=\"text-align: justify;\">W razie w\u0105tpliwo\u015bci co kt\u00f3regokolwiek z zapis\u00f3w niniejszej polityki prywatno\u015bci jeste\u015bmy do dyspozycji &#8211; nasze dane znale\u017a\u0107 mo\u017cna w zak\u0142adce &#8211; KONTAKT.<\/p>\r\n","protected":false},"excerpt":{"rendered":"<p>Polityka prywatno\u015bci serwisu aicpolska.misjonarze.pl Informacje og\u00f3lne Niniejsza Polityka Prywatno\u015bci okre\u015bla zasady przetwarzania i ochrony danych osobowych przekazanych przez U\u017cytkownik\u00f3w w zwi\u0105zku z korzystaniem przez nich us\u0142ug aicpolska.misjonarze.pl\u00a0 poprzez Serwis. Administratorem danych osobowych zawartych w serwisie jest Zgromadzenie Ksi\u0119\u017cy Misjonarzy z siedzib\u0105 w Krakowie ul. Stradomska 4\u00a0 NIP 676-10-19-571 W trosce o bezpiecze\u0144stwo powierzonych nam danych opracowali\u015bmy wewn\u0119trzne procedury i zalecenia, [&hellip;]<\/p>\n","protected":false},"author":1,"featured_media":0,"parent":0,"menu_order":0,"comment_status":"closed","ping_status":"open","template":"","meta":{"footnotes":""},"class_list":["post-3","page","type-page","status-publish","hentry"],"_links":{"self":[{"href":"https:\/\/aicpolska.misjonarze.pl\/index.php?rest_route=\/wp\/v2\/pages\/3","targetHints":{"allow":["GET"]}}],"collection":[{"href":"https:\/\/aicpolska.misjonarze.pl\/index.php?rest_route=\/wp\/v2\/pages"}],"about":[{"href":"https:\/\/aicpolska.misjonarze.pl\/index.php?rest_route=\/wp\/v2\/types\/page"}],"author":[{"embeddable":true,"href":"https:\/\/aicpolska.misjonarze.pl\/index.php?rest_route=\/wp\/v2\/users\/1"}],"replies":[{"embeddable":true,"href":"https:\/\/aicpolska.misjonarze.pl\/index.php?rest_route=%2Fwp%2Fv2%2Fcomments&post=3"}],"version-history":[{"count":1,"href":"https:\/\/aicpolska.misjonarze.pl\/index.php?rest_route=\/wp\/v2\/pages\/3\/revisions"}],"predecessor-version":[{"id":1544,"href":"https:\/\/aicpolska.misjonarze.pl\/index.php?rest_route=\/wp\/v2\/pages\/3\/revisions\/1544"}],"wp:attachment":[{"href":"https:\/\/aicpolska.misjonarze.pl\/index.php?rest_route=%2Fwp%2Fv2%2Fmedia&parent=3"}],"curies":[{"name":"wp","href":"https:\/\/api.w.org\/{rel}","templated":true}]}}